{"id":1210,"date":"2023-07-15T13:29:55","date_gmt":"2023-07-15T13:29:55","guid":{"rendered":"https:\/\/arqzack.com\/landing-fr\/"},"modified":"2024-09-25T07:32:54","modified_gmt":"2024-09-25T07:32:54","slug":"landing-fr","status":"publish","type":"page","link":"https:\/\/arqzack.com\/fr\/","title":{"rendered":"Bienvenue \u00e0 Arqzack"},"content":{"rendered":"\t\t<div data-elementor-type=\"wp-page\" data-elementor-id=\"1210\" class=\"elementor elementor-1210 elementor-1032\" data-elementor-post-type=\"page\">\n\t\t\t\t\t\t<section class=\"elementor-section elementor-top-section elementor-element elementor-element-a0f6cbe elementor-section-boxed elementor-section-height-default elementor-section-height-default\" data-id=\"a0f6cbe\" data-element_type=\"section\" data-settings=\"{&quot;background_background&quot;:&quot;classic&quot;}\">\n\t\t\t\t\t\t\t<div class=\"elementor-background-overlay\"><\/div>\n\t\t\t\t\t\t\t<div class=\"elementor-container elementor-column-gap-default\">\n\t\t\t\t\t<div class=\"elementor-column elementor-col-100 elementor-top-column elementor-element elementor-element-f140445 elementor-invisible\" data-id=\"f140445\" data-element_type=\"column\" data-settings=\"{&quot;animation&quot;:&quot;fadeIn&quot;,&quot;animation_delay&quot;:600}\">\n\t\t\t<div class=\"elementor-widget-wrap elementor-element-populated\">\n\t\t\t\t\t\t<div class=\"elementor-element elementor-element-2e8bff7 elementor-widget elementor-widget-heading\" data-id=\"2e8bff7\" data-element_type=\"widget\" data-widget_type=\"heading.default\">\n\t\t\t\t<div class=\"elementor-widget-container\">\n\t\t\t<style>\/*! elementor - v3.19.0 - 28-02-2024 *\/\n.elementor-heading-title{padding:0;margin:0;line-height:1}.elementor-widget-heading .elementor-heading-title[class*=elementor-size-]>a{color:inherit;font-size:inherit;line-height:inherit}.elementor-widget-heading .elementor-heading-title.elementor-size-small{font-size:15px}.elementor-widget-heading .elementor-heading-title.elementor-size-medium{font-size:19px}.elementor-widget-heading .elementor-heading-title.elementor-size-large{font-size:29px}.elementor-widget-heading .elementor-heading-title.elementor-size-xl{font-size:39px}.elementor-widget-heading .elementor-heading-title.elementor-size-xxl{font-size:59px}<\/style><h1 class=\"elementor-heading-title elementor-size-default\">L'industrialisation de la construction durable<\/h1>\t\t<\/div>\n\t\t\t\t<\/div>\n\t\t\t\t<div class=\"elementor-element elementor-element-630c374 elementor-align-center elementor-widget elementor-widget-button\" data-id=\"630c374\" data-element_type=\"widget\" data-widget_type=\"button.default\">\n\t\t\t\t<div class=\"elementor-widget-container\">\n\t\t\t\t\t<div class=\"elementor-button-wrapper\">\n\t\t\t<a class=\"elementor-button elementor-button-link elementor-size-sm\" href=\"#contacta\">\n\t\t\t\t\t\t<span class=\"elementor-button-content-wrapper\">\n\t\t\t\t\t\t<span class=\"elementor-button-text\">Contactez nous !<\/span>\n\t\t<\/span>\n\t\t\t\t\t<\/a>\n\t\t<\/div>\n\t\t\t\t<\/div>\n\t\t\t\t<\/div>\n\t\t\t\t\t<\/div>\n\t\t<\/div>\n\t\t\t\t\t<\/div>\n\t\t<\/section>\n\t\t\t\t<section class=\"elementor-section elementor-top-section elementor-element elementor-element-0033c71 elementor-section-boxed elementor-section-height-default elementor-section-height-default\" data-id=\"0033c71\" data-element_type=\"section\" id=\"arqzack\">\n\t\t\t\t\t\t<div class=\"elementor-container elementor-column-gap-default\">\n\t\t\t\t\t<div class=\"elementor-column elementor-col-50 elementor-top-column elementor-element elementor-element-c1d64fe elementor-invisible\" data-id=\"c1d64fe\" data-element_type=\"column\" data-settings=\"{&quot;animation&quot;:&quot;fadeIn&quot;,&quot;animation_delay&quot;:1000}\">\n\t\t\t<div class=\"elementor-widget-wrap elementor-element-populated\">\n\t\t\t\t\t\t<div class=\"elementor-element elementor-element-0fa9aaa elementor-widget elementor-widget-heading\" data-id=\"0fa9aaa\" data-element_type=\"widget\" data-widget_type=\"heading.default\">\n\t\t\t\t<div class=\"elementor-widget-container\">\n\t\t\t<h2 class=\"elementor-heading-title elementor-size-default\">Notre histoire<\/h2>\t\t<\/div>\n\t\t\t\t<\/div>\n\t\t\t\t<div class=\"elementor-element elementor-element-09df0f9 elementor-widget elementor-widget-text-editor\" data-id=\"09df0f9\" data-element_type=\"widget\" data-widget_type=\"text-editor.default\">\n\t\t\t\t<div class=\"elementor-widget-container\">\n\t\t\t<style>\/*! elementor - v3.19.0 - 28-02-2024 *\/\n.elementor-widget-text-editor.elementor-drop-cap-view-stacked .elementor-drop-cap{background-color:#69727d;color:#fff}.elementor-widget-text-editor.elementor-drop-cap-view-framed .elementor-drop-cap{color:#69727d;border:3px solid;background-color:transparent}.elementor-widget-text-editor:not(.elementor-drop-cap-view-default) .elementor-drop-cap{margin-top:8px}.elementor-widget-text-editor:not(.elementor-drop-cap-view-default) .elementor-drop-cap-letter{width:1em;height:1em}.elementor-widget-text-editor .elementor-drop-cap{float:left;text-align:center;line-height:1;font-size:50px}.elementor-widget-text-editor .elementor-drop-cap-letter{display:inline-block}<\/style>\t\t\t\t<p>Nous avons commenc\u00e9 avec une petite \u00e9quipe en 2002, notre objectif \u00e9tant d&rsquo;offrir des logements traditionnels de la plus haute qualit\u00e9 et, notre priorit\u00e9 absolue, \u00e0 un prix abordable. Apr\u00e8s de nombreuses ann\u00e9es de travail et d&rsquo;exp\u00e9rience, nous nous sommes rendu compte que le syst\u00e8me de construction actuel ne couvre pas de mani\u00e8re satisfaisante les besoins du march\u00e9 et, pour cette raison, nous pensons qu&rsquo;un changement est n\u00e9cessaire. <\/p>\n\t\t\t\t\t\t<\/div>\n\t\t\t\t<\/div>\n\t\t\t\t\t<\/div>\n\t\t<\/div>\n\t\t\t\t<div class=\"elementor-column elementor-col-50 elementor-top-column elementor-element elementor-element-d70676c\" data-id=\"d70676c\" data-element_type=\"column\" data-settings=\"{&quot;motion_fx_motion_fx_scrolling&quot;:&quot;yes&quot;,&quot;motion_fx_translateX_effect&quot;:&quot;yes&quot;,&quot;motion_fx_translateX_affectedRange&quot;:{&quot;unit&quot;:&quot;%&quot;,&quot;size&quot;:&quot;&quot;,&quot;sizes&quot;:{&quot;start&quot;:0,&quot;end&quot;:50}},&quot;motion_fx_translateX_speed&quot;:{&quot;unit&quot;:&quot;px&quot;,&quot;size&quot;:4,&quot;sizes&quot;:[]},&quot;motion_fx_devices&quot;:[&quot;desktop&quot;,&quot;tablet&quot;,&quot;mobile&quot;]}\">\n\t\t\t<div class=\"elementor-widget-wrap elementor-element-populated\">\n\t\t\t\t\t\t<div class=\"elementor-element elementor-element-6f18b2f elementor-widget elementor-widget-image\" data-id=\"6f18b2f\" data-element_type=\"widget\" data-widget_type=\"image.default\">\n\t\t\t\t<div class=\"elementor-widget-container\">\n\t\t\t<style>\/*! elementor - v3.19.0 - 28-02-2024 *\/\n.elementor-widget-image{text-align:center}.elementor-widget-image a{display:inline-block}.elementor-widget-image a img[src$=\".svg\"]{width:48px}.elementor-widget-image img{vertical-align:middle;display:inline-block}<\/style>\t\t\t\t\t\t\t\t\t\t<img fetchpriority=\"high\" decoding=\"async\" width=\"1500\" height=\"844\" src=\"https:\/\/arqzack.com\/wp-content\/uploads\/2023\/06\/contacta-arqzak.jpg\" class=\"attachment-full size-full wp-image-1016\" alt=\"\" srcset=\"https:\/\/arqzack.com\/wp-content\/uploads\/2023\/06\/contacta-arqzak.jpg 1500w, https:\/\/arqzack.com\/wp-content\/uploads\/2023\/06\/contacta-arqzak-300x169.jpg 300w, https:\/\/arqzack.com\/wp-content\/uploads\/2023\/06\/contacta-arqzak-1024x576.jpg 1024w, https:\/\/arqzack.com\/wp-content\/uploads\/2023\/06\/contacta-arqzak-768x432.jpg 768w\" sizes=\"(max-width: 1500px) 100vw, 1500px\" \/>\t\t\t\t\t\t\t\t\t\t\t\t\t<\/div>\n\t\t\t\t<\/div>\n\t\t\t\t\t<\/div>\n\t\t<\/div>\n\t\t\t\t\t<\/div>\n\t\t<\/section>\n\t\t\t\t<section class=\"elementor-section elementor-top-section elementor-element elementor-element-46374d1 elementor-section-boxed elementor-section-height-default elementor-section-height-default\" data-id=\"46374d1\" data-element_type=\"section\" id=\"experiencia\" data-settings=\"{&quot;background_background&quot;:&quot;classic&quot;}\">\n\t\t\t\t\t\t<div class=\"elementor-container elementor-column-gap-default\">\n\t\t\t\t\t<div class=\"elementor-column elementor-col-100 elementor-top-column elementor-element elementor-element-5149d4f\" data-id=\"5149d4f\" data-element_type=\"column\">\n\t\t\t<div class=\"elementor-widget-wrap elementor-element-populated\">\n\t\t\t\t\t\t<section class=\"elementor-section elementor-inner-section elementor-element elementor-element-f111e04 elementor-section-boxed elementor-section-height-default elementor-section-height-default\" data-id=\"f111e04\" data-element_type=\"section\">\n\t\t\t\t\t\t<div class=\"elementor-container elementor-column-gap-default\">\n\t\t\t\t\t<div class=\"elementor-column elementor-col-50 elementor-inner-column elementor-element elementor-element-f6148e8 elementor-invisible\" data-id=\"f6148e8\" data-element_type=\"column\" data-settings=\"{&quot;motion_fx_motion_fx_scrolling&quot;:&quot;yes&quot;,&quot;motion_fx_translateY_effect&quot;:&quot;yes&quot;,&quot;motion_fx_translateY_affectedRange&quot;:{&quot;unit&quot;:&quot;%&quot;,&quot;size&quot;:&quot;&quot;,&quot;sizes&quot;:{&quot;start&quot;:0,&quot;end&quot;:57}},&quot;animation&quot;:&quot;fadeIn&quot;,&quot;motion_fx_translateY_speed&quot;:{&quot;unit&quot;:&quot;px&quot;,&quot;size&quot;:4,&quot;sizes&quot;:[]},&quot;motion_fx_devices&quot;:[&quot;desktop&quot;,&quot;tablet&quot;,&quot;mobile&quot;]}\">\n\t\t\t<div class=\"elementor-widget-wrap elementor-element-populated\">\n\t\t\t\t\t\t<div class=\"elementor-element elementor-element-5cc4c64 elementor-widget elementor-widget-image\" data-id=\"5cc4c64\" data-element_type=\"widget\" data-widget_type=\"image.default\">\n\t\t\t\t<div class=\"elementor-widget-container\">\n\t\t\t\t\t\t\t\t\t\t\t\t\t<img decoding=\"async\" width=\"800\" height=\"450\" src=\"https:\/\/arqzack.com\/wp-content\/uploads\/2023\/06\/WhatsApp-Image-2023-03-13-at-09.19.43-1024x576.jpeg\" class=\"attachment-large size-large wp-image-640\" alt=\"\" srcset=\"https:\/\/arqzack.com\/wp-content\/uploads\/2023\/06\/WhatsApp-Image-2023-03-13-at-09.19.43-1024x576.jpeg 1024w, https:\/\/arqzack.com\/wp-content\/uploads\/2023\/06\/WhatsApp-Image-2023-03-13-at-09.19.43-300x169.jpeg 300w, https:\/\/arqzack.com\/wp-content\/uploads\/2023\/06\/WhatsApp-Image-2023-03-13-at-09.19.43-768x432.jpeg 768w, https:\/\/arqzack.com\/wp-content\/uploads\/2023\/06\/WhatsApp-Image-2023-03-13-at-09.19.43-1536x864.jpeg 1536w, https:\/\/arqzack.com\/wp-content\/uploads\/2023\/06\/WhatsApp-Image-2023-03-13-at-09.19.43-1080x608.jpeg 1080w, https:\/\/arqzack.com\/wp-content\/uploads\/2023\/06\/WhatsApp-Image-2023-03-13-at-09.19.43-1280x720.jpeg 1280w, https:\/\/arqzack.com\/wp-content\/uploads\/2023\/06\/WhatsApp-Image-2023-03-13-at-09.19.43-980x551.jpeg 980w, https:\/\/arqzack.com\/wp-content\/uploads\/2023\/06\/WhatsApp-Image-2023-03-13-at-09.19.43-480x270.jpeg 480w, https:\/\/arqzack.com\/wp-content\/uploads\/2023\/06\/WhatsApp-Image-2023-03-13-at-09.19.43.jpeg 1600w\" sizes=\"(max-width: 800px) 100vw, 800px\" \/>\t\t\t\t\t\t\t\t\t\t\t\t\t<\/div>\n\t\t\t\t<\/div>\n\t\t\t\t\t<\/div>\n\t\t<\/div>\n\t\t\t\t<div class=\"elementor-column elementor-col-50 elementor-inner-column elementor-element elementor-element-ebb4cd1 elementor-invisible\" data-id=\"ebb4cd1\" data-element_type=\"column\" data-settings=\"{&quot;animation&quot;:&quot;fadeIn&quot;,&quot;animation_delay&quot;:1000}\">\n\t\t\t<div class=\"elementor-widget-wrap elementor-element-populated\">\n\t\t\t\t\t\t<div class=\"elementor-element elementor-element-b9836c3 elementor-widget elementor-widget-heading\" data-id=\"b9836c3\" data-element_type=\"widget\" data-widget_type=\"heading.default\">\n\t\t\t\t<div class=\"elementor-widget-container\">\n\t\t\t<h2 class=\"elementor-heading-title elementor-size-default\">Exp\u00e9rience<\/h2>\t\t<\/div>\n\t\t\t\t<\/div>\n\t\t\t\t<div class=\"elementor-element elementor-element-3161b76 elementor-widget elementor-widget-text-editor\" data-id=\"3161b76\" data-element_type=\"widget\" data-widget_type=\"text-editor.default\">\n\t\t\t\t<div class=\"elementor-widget-container\">\n\t\t\t\t\t\t\tLorsque nous parlons d&rsquo;exp\u00e9rience, nous faisons r\u00e9f\u00e9rence \u00e0 plus de 47 000 m\u00e8tres carr\u00e9s construits sur le territoire national et international, tous tr\u00e8s diff\u00e9rents, mais avec un sch\u00e9ma qui les rend similaires : la pollution au moment de la construction, le prix \u00e9lev\u00e9 de l&rsquo;investissement, la consommation excessive d&rsquo;eau potable et les longs mois d&rsquo;attente avant de pouvoir livrer le projet fini, entre autres choses. \t\t\t\t\t\t<\/div>\n\t\t\t\t<\/div>\n\t\t\t\t<div class=\"elementor-element elementor-element-85770d3 elementor-align-left elementor-widget elementor-widget-button\" data-id=\"85770d3\" data-element_type=\"widget\" data-widget_type=\"button.default\">\n\t\t\t\t<div class=\"elementor-widget-container\">\n\t\t\t\t\t<div class=\"elementor-button-wrapper\">\n\t\t\t<a class=\"elementor-button elementor-button-link elementor-size-sm\" href=\"#contacta\">\n\t\t\t\t\t\t<span class=\"elementor-button-content-wrapper\">\n\t\t\t\t\t\t<span class=\"elementor-button-text\">Contactez nous !<\/span>\n\t\t<\/span>\n\t\t\t\t\t<\/a>\n\t\t<\/div>\n\t\t\t\t<\/div>\n\t\t\t\t<\/div>\n\t\t\t\t\t<\/div>\n\t\t<\/div>\n\t\t\t\t\t<\/div>\n\t\t<\/section>\n\t\t\t\t\t<\/div>\n\t\t<\/div>\n\t\t\t\t\t<\/div>\n\t\t<\/section>\n\t\t\t\t<section class=\"elementor-section elementor-top-section elementor-element elementor-element-9b84407 elementor-section-boxed elementor-section-height-default elementor-section-height-default\" data-id=\"9b84407\" data-element_type=\"section\" id=\"construccion\" data-settings=\"{&quot;background_background&quot;:&quot;classic&quot;}\">\n\t\t\t\t\t\t\t<div class=\"elementor-background-overlay\"><\/div>\n\t\t\t\t\t\t\t<div class=\"elementor-container elementor-column-gap-default\">\n\t\t\t\t\t<div class=\"elementor-column elementor-col-100 elementor-top-column elementor-element elementor-element-1ee14fd\" data-id=\"1ee14fd\" data-element_type=\"column\">\n\t\t\t<div class=\"elementor-widget-wrap elementor-element-populated\">\n\t\t\t\t\t\t<section class=\"elementor-section elementor-inner-section elementor-element elementor-element-7f7f607 elementor-section-boxed elementor-section-height-default elementor-section-height-default elementor-invisible\" data-id=\"7f7f607\" data-element_type=\"section\" data-settings=\"{&quot;animation&quot;:&quot;fadeIn&quot;,&quot;animation_delay&quot;:1000}\">\n\t\t\t\t\t\t<div class=\"elementor-container elementor-column-gap-default\">\n\t\t\t\t\t<div class=\"elementor-column elementor-col-50 elementor-inner-column elementor-element elementor-element-d1e972e\" data-id=\"d1e972e\" data-element_type=\"column\">\n\t\t\t<div class=\"elementor-widget-wrap elementor-element-populated\">\n\t\t\t\t\t\t<div class=\"elementor-element elementor-element-6fdae95 elementor-widget elementor-widget-text-editor\" data-id=\"6fdae95\" data-element_type=\"widget\" data-widget_type=\"text-editor.default\">\n\t\t\t\t<div class=\"elementor-widget-container\">\n\t\t\t\t\t\t\t<p>La construction<\/p>\n\t\t\t\t\t\t<\/div>\n\t\t\t\t<\/div>\n\t\t\t\t\t<\/div>\n\t\t<\/div>\n\t\t\t\t<div class=\"elementor-column elementor-col-50 elementor-inner-column elementor-element elementor-element-0bf6e36\" data-id=\"0bf6e36\" data-element_type=\"column\" data-settings=\"{&quot;background_background&quot;:&quot;classic&quot;}\">\n\t\t\t<div class=\"elementor-widget-wrap elementor-element-populated\">\n\t\t\t\t\t\t<div class=\"elementor-element elementor-element-1364415 elementor-widget elementor-widget-text-editor\" data-id=\"1364415\" data-element_type=\"widget\" data-widget_type=\"text-editor.default\">\n\t\t\t\t<div class=\"elementor-widget-container\">\n\t\t\t\t\t\t\t<p>La construction est essentielle \u00e0 la qualit\u00e9 de vie des populations, mais elle doit \u00e9voluer pour pouvoir offrir cette m\u00eame qualit\u00e9 \u00e0 l&rsquo;ensemble de la population mondiale et pas seulement \u00e0 un pourcentage de celle-ci. C&rsquo;est pourquoi, depuis 3 ans, nous travaillons sur un <strong>nouveau projet qui nous permettra d&rsquo;industrialiser la construction durable, abordable, de qualit\u00e9 et design<\/strong>.<\/p>\n\t\t\t\t\t\t<\/div>\n\t\t\t\t<\/div>\n\t\t\t\t\t<\/div>\n\t\t<\/div>\n\t\t\t\t\t<\/div>\n\t\t<\/section>\n\t\t\t\t\t<\/div>\n\t\t<\/div>\n\t\t\t\t\t<\/div>\n\t\t<\/section>\n\t\t\t\t<section class=\"elementor-section elementor-top-section elementor-element elementor-element-2bcb5a2 elementor-section-boxed elementor-section-height-default elementor-section-height-default\" data-id=\"2bcb5a2\" data-element_type=\"section\">\n\t\t\t\t\t\t<div class=\"elementor-container elementor-column-gap-default\">\n\t\t\t\t\t<div class=\"elementor-column elementor-col-100 elementor-top-column elementor-element elementor-element-3da6b3a\" data-id=\"3da6b3a\" data-element_type=\"column\">\n\t\t\t<div class=\"elementor-widget-wrap elementor-element-populated\">\n\t\t\t\t\t\t<div class=\"elementor-element elementor-element-d888fd7 elementor-widget elementor-widget-heading\" data-id=\"d888fd7\" data-element_type=\"widget\" data-widget_type=\"heading.default\">\n\t\t\t\t<div class=\"elementor-widget-container\">\n\t\t\t<h2 class=\"elementor-heading-title elementor-size-default\"><br>Ne pensez-vous pas que le secteur de la construction doit encore \u00e9voluer ?<\/h2>\t\t<\/div>\n\t\t\t\t<\/div>\n\t\t\t\t<div class=\"elementor-element elementor-element-2e50fe3 elementor-widget elementor-widget-text-editor\" data-id=\"2e50fe3\" data-element_type=\"widget\" data-widget_type=\"text-editor.default\">\n\t\t\t\t<div class=\"elementor-widget-container\">\n\t\t\t\t\t\t\t<p>Nous sommes pass\u00e9s du t\u00e9l\u00e9phone filaire au t\u00e9l\u00e9phone satellite, de la carte papier \u00e0 Google Maps, de la prise de notes au stylo sur un cahier \u00e0 la saisie sur un ordinateur portable, de l&rsquo;horloge analogique \u00e0 l&rsquo;horloge num\u00e9rique, \u00e0 l&rsquo;intelligence artificielle, mais nous n&rsquo;avons pas encore trouv\u00e9 un syst\u00e8me de construction qui permette un logement d\u00e9cent, respectueux de l&rsquo;environnement et de la r\u00e9utilisation de tous ceux qui en ont besoin.<\/p>\n\t\t\t\t\t\t<\/div>\n\t\t\t\t<\/div>\n\t\t\t\t<div class=\"elementor-element elementor-element-dbcf489 elementor-align-center elementor-widget elementor-widget-button\" data-id=\"dbcf489\" data-element_type=\"widget\" data-widget_type=\"button.default\">\n\t\t\t\t<div class=\"elementor-widget-container\">\n\t\t\t\t\t<div class=\"elementor-button-wrapper\">\n\t\t\t<a class=\"elementor-button elementor-button-link elementor-size-sm\" href=\"#contacta\">\n\t\t\t\t\t\t<span class=\"elementor-button-content-wrapper\">\n\t\t\t\t\t\t<span class=\"elementor-button-text\">Contactez nous !<\/span>\n\t\t<\/span>\n\t\t\t\t\t<\/a>\n\t\t<\/div>\n\t\t\t\t<\/div>\n\t\t\t\t<\/div>\n\t\t\t\t\t<\/div>\n\t\t<\/div>\n\t\t\t\t\t<\/div>\n\t\t<\/section>\n\t\t\t\t<\/div>\n\t\t","protected":false},"excerpt":{"rendered":"<p>L&rsquo;industrialisation de la construction durable Contactez nous ! Notre histoire Nous avons commenc\u00e9 avec une petite \u00e9quipe en 2002, notre objectif \u00e9tant d&rsquo;offrir des logements traditionnels de la plus haute qualit\u00e9 et, notre priorit\u00e9 absolue, \u00e0 un prix abordable. Apr\u00e8s de nombreuses ann\u00e9es de travail et d&rsquo;exp\u00e9rience, nous nous sommes rendu compte que le syst\u00e8me [&hellip;]<\/p>\n","protected":false},"author":3,"featured_media":1317,"parent":0,"menu_order":0,"comment_status":"closed","ping_status":"closed","template":"","meta":{"footnotes":""},"yoast_head":"<!-- This site is optimized with the Yoast SEO plugin v22.1 - https:\/\/yoast.com\/wordpress\/plugins\/seo\/ -->\n<title>Arqzack | L&#039;industrialisation de la construction durable<\/title>\n<meta name=\"description\" content=\"Nous travaillons sur un nouveau projet qui nous permettra d&#039;industrialiser la construction durable, abordable, de qualit\u00e9 et design.\" \/>\n<meta name=\"robots\" content=\"index, follow, max-snippet:-1, max-image-preview:large, max-video-preview:-1\" \/>\n<link rel=\"canonical\" href=\"https:\/\/arqzack.com\/fr\/landing-fr\/\" \/>\n<meta property=\"og:locale\" content=\"fr_FR\" \/>\n<meta property=\"og:type\" content=\"article\" \/>\n<meta property=\"og:title\" content=\"Arqzack | L&#039;industrialisation de la construction durable\" \/>\n<meta property=\"og:description\" content=\"Nous travaillons sur un nouveau projet qui nous permettra d&#039;industrialiser la construction durable, abordable, de qualit\u00e9 et design.\" \/>\n<meta property=\"og:url\" content=\"https:\/\/arqzack.com\/fr\/landing-fr\/\" \/>\n<meta property=\"og:site_name\" content=\"Arqzack\" \/>\n<meta property=\"article:modified_time\" content=\"2024-09-25T07:32:54+00:00\" \/>\n<meta property=\"og:image\" content=\"https:\/\/arqzack.com\/wp-content\/uploads\/2023\/09\/unnamed.png\" \/>\n\t<meta property=\"og:image:width\" content=\"240\" \/>\n\t<meta property=\"og:image:height\" content=\"240\" \/>\n\t<meta property=\"og:image:type\" content=\"image\/png\" \/>\n<meta name=\"twitter:card\" content=\"summary_large_image\" \/>\n<meta name=\"twitter:label1\" content=\"Dur\u00e9e de lecture estim\u00e9e\" \/>\n\t<meta name=\"twitter:data1\" content=\"2 minutes\" \/>\n<script type=\"application\/ld+json\" class=\"yoast-schema-graph\">{\"@context\":\"https:\/\/schema.org\",\"@graph\":[{\"@type\":\"WebPage\",\"@id\":\"https:\/\/arqzack.com\/fr\/landing-fr\/\",\"url\":\"https:\/\/arqzack.com\/fr\/landing-fr\/\",\"name\":\"Arqzack | L'industrialisation de la construction durable\",\"isPartOf\":{\"@id\":\"https:\/\/arqzack.com\/#website\"},\"datePublished\":\"2023-07-15T13:29:55+00:00\",\"dateModified\":\"2024-09-25T07:32:54+00:00\",\"description\":\"Nous travaillons sur un nouveau projet qui nous permettra d'industrialiser la construction durable, abordable, de qualit\u00e9 et design.\",\"breadcrumb\":{\"@id\":\"https:\/\/arqzack.com\/fr\/landing-fr\/#breadcrumb\"},\"inLanguage\":\"fr-FR\",\"potentialAction\":[{\"@type\":\"ReadAction\",\"target\":[\"https:\/\/arqzack.com\/fr\/landing-fr\/\"]}]},{\"@type\":\"BreadcrumbList\",\"@id\":\"https:\/\/arqzack.com\/fr\/landing-fr\/#breadcrumb\",\"itemListElement\":[{\"@type\":\"ListItem\",\"position\":1,\"name\":\"Portada\",\"item\":\"https:\/\/arqzack.com\/fr\/landing-fr\/\"},{\"@type\":\"ListItem\",\"position\":2,\"name\":\"Bienvenue \u00e0 Arqzack\"}]},{\"@type\":\"WebSite\",\"@id\":\"https:\/\/arqzack.com\/#website\",\"url\":\"https:\/\/arqzack.com\/\",\"name\":\"Arqzack\",\"description\":\"Estudio de arquitectura 4.0\",\"publisher\":{\"@id\":\"https:\/\/arqzack.com\/#organization\"},\"potentialAction\":[{\"@type\":\"SearchAction\",\"target\":{\"@type\":\"EntryPoint\",\"urlTemplate\":\"https:\/\/arqzack.com\/?s={search_term_string}\"},\"query-input\":\"required name=search_term_string\"}],\"inLanguage\":\"fr-FR\"},{\"@type\":\"Organization\",\"@id\":\"https:\/\/arqzack.com\/#organization\",\"name\":\"Arqzack\",\"url\":\"https:\/\/arqzack.com\/\",\"logo\":{\"@type\":\"ImageObject\",\"inLanguage\":\"fr-FR\",\"@id\":\"https:\/\/arqzack.com\/#\/schema\/logo\/image\/\",\"url\":\"https:\/\/arqzack.com\/wp-content\/uploads\/2022\/04\/logotip-arqzack.png\",\"contentUrl\":\"https:\/\/arqzack.com\/wp-content\/uploads\/2022\/04\/logotip-arqzack.png\",\"width\":150,\"height\":118,\"caption\":\"Arqzack\"},\"image\":{\"@id\":\"https:\/\/arqzack.com\/#\/schema\/logo\/image\/\"}}]}<\/script>\n<!-- \/ Yoast SEO plugin. -->","yoast_head_json":{"title":"Arqzack | L'industrialisation de la construction durable","description":"Nous travaillons sur un nouveau projet qui nous permettra d'industrialiser la construction durable, abordable, de qualit\u00e9 et design.","robots":{"index":"index","follow":"follow","max-snippet":"max-snippet:-1","max-image-preview":"max-image-preview:large","max-video-preview":"max-video-preview:-1"},"canonical":"https:\/\/arqzack.com\/fr\/landing-fr\/","og_locale":"fr_FR","og_type":"article","og_title":"Arqzack | L'industrialisation de la construction durable","og_description":"Nous travaillons sur un nouveau projet qui nous permettra d'industrialiser la construction durable, abordable, de qualit\u00e9 et design.","og_url":"https:\/\/arqzack.com\/fr\/landing-fr\/","og_site_name":"Arqzack","article_modified_time":"2024-09-25T07:32:54+00:00","og_image":[{"width":240,"height":240,"url":"https:\/\/arqzack.com\/wp-content\/uploads\/2023\/09\/unnamed.png","type":"image\/png"}],"twitter_card":"summary_large_image","twitter_misc":{"Dur\u00e9e de lecture estim\u00e9e":"2 minutes"},"schema":{"@context":"https:\/\/schema.org","@graph":[{"@type":"WebPage","@id":"https:\/\/arqzack.com\/fr\/landing-fr\/","url":"https:\/\/arqzack.com\/fr\/landing-fr\/","name":"Arqzack | L'industrialisation de la construction durable","isPartOf":{"@id":"https:\/\/arqzack.com\/#website"},"datePublished":"2023-07-15T13:29:55+00:00","dateModified":"2024-09-25T07:32:54+00:00","description":"Nous travaillons sur un nouveau projet qui nous permettra d'industrialiser la construction durable, abordable, de qualit\u00e9 et design.","breadcrumb":{"@id":"https:\/\/arqzack.com\/fr\/landing-fr\/#breadcrumb"},"inLanguage":"fr-FR","potentialAction":[{"@type":"ReadAction","target":["https:\/\/arqzack.com\/fr\/landing-fr\/"]}]},{"@type":"BreadcrumbList","@id":"https:\/\/arqzack.com\/fr\/landing-fr\/#breadcrumb","itemListElement":[{"@type":"ListItem","position":1,"name":"Portada","item":"https:\/\/arqzack.com\/fr\/landing-fr\/"},{"@type":"ListItem","position":2,"name":"Bienvenue \u00e0 Arqzack"}]},{"@type":"WebSite","@id":"https:\/\/arqzack.com\/#website","url":"https:\/\/arqzack.com\/","name":"Arqzack","description":"Estudio de arquitectura 4.0","publisher":{"@id":"https:\/\/arqzack.com\/#organization"},"potentialAction":[{"@type":"SearchAction","target":{"@type":"EntryPoint","urlTemplate":"https:\/\/arqzack.com\/?s={search_term_string}"},"query-input":"required name=search_term_string"}],"inLanguage":"fr-FR"},{"@type":"Organization","@id":"https:\/\/arqzack.com\/#organization","name":"Arqzack","url":"https:\/\/arqzack.com\/","logo":{"@type":"ImageObject","inLanguage":"fr-FR","@id":"https:\/\/arqzack.com\/#\/schema\/logo\/image\/","url":"https:\/\/arqzack.com\/wp-content\/uploads\/2022\/04\/logotip-arqzack.png","contentUrl":"https:\/\/arqzack.com\/wp-content\/uploads\/2022\/04\/logotip-arqzack.png","width":150,"height":118,"caption":"Arqzack"},"image":{"@id":"https:\/\/arqzack.com\/#\/schema\/logo\/image\/"}}]}},"_links":{"self":[{"href":"https:\/\/arqzack.com\/fr\/wp-json\/wp\/v2\/pages\/1210"}],"collection":[{"href":"https:\/\/arqzack.com\/fr\/wp-json\/wp\/v2\/pages"}],"about":[{"href":"https:\/\/arqzack.com\/fr\/wp-json\/wp\/v2\/types\/page"}],"author":[{"embeddable":true,"href":"https:\/\/arqzack.com\/fr\/wp-json\/wp\/v2\/users\/3"}],"replies":[{"embeddable":true,"href":"https:\/\/arqzack.com\/fr\/wp-json\/wp\/v2\/comments?post=1210"}],"version-history":[{"count":19,"href":"https:\/\/arqzack.com\/fr\/wp-json\/wp\/v2\/pages\/1210\/revisions"}],"predecessor-version":[{"id":1622,"href":"https:\/\/arqzack.com\/fr\/wp-json\/wp\/v2\/pages\/1210\/revisions\/1622"}],"wp:featuredmedia":[{"embeddable":true,"href":"https:\/\/arqzack.com\/fr\/wp-json\/wp\/v2\/media\/1317"}],"wp:attachment":[{"href":"https:\/\/arqzack.com\/fr\/wp-json\/wp\/v2\/media?parent=1210"}],"curies":[{"name":"wp","href":"https:\/\/api.w.org\/{rel}","templated":true}]}}